{"id":17321,"date":"2023-02-07T20:54:05","date_gmt":"2023-02-07T20:54:05","guid":{"rendered":"https:\/\/teriyaki.com.co\/?page_id=17321"},"modified":"2023-02-07T21:55:56","modified_gmt":"2023-02-07T21:55:56","slug":"pqrs","status":"publish","type":"page","link":"https:\/\/teriyaki.com.co\/index.php\/pqrs\/","title":{"rendered":"PQRS"},"content":{"rendered":"<div class=\"wpb-content-wrapper\"><p>[vc_row][vc_column][vc_column_text]Abrimos este canal para poder tener un contacto directo con nuestros clientes. Si tienes alguna <strong>PETICI\u00d3N, QUEJA, RECLAMO o SUGERENCIA<\/strong>, por favor diligencia el siguiente formulario. Agradecemos nos indiques exactamente qu\u00e9 ocurri\u00f3 y en cu\u00e1l restaurante te encontrabas en ese momento.<\/p>\n<p>&nbsp;<\/p>\n<p>Es un compromiso de\u00a0<strong>TERIYAKI<\/strong>\u00a0mejorar siempre nuestros productos y servicios gracias a sus opiniones.[\/vc_column_text][\/vc_column][\/vc_row][vc_row][vc_column][vc_empty_space height=&#8221;40px&#8221;][\/vc_column][\/vc_row][vc_row][vc_column]\n<div class=\"wpcf7 no-js\" id=\"wpcf7-f17323-o1\" lang=\"en-US\" dir=\"ltr\" data-wpcf7-id=\"17323\">\n<div class=\"screen-reader-response\"><p role=\"status\" aria-live=\"polite\" aria-atomic=\"true\"><\/p> <ul><\/ul><\/div>\n<form action=\"\/index.php\/wp-json\/wp\/v2\/pages\/17321#wpcf7-f17323-o1\" method=\"post\" class=\"wpcf7-form init\" aria-label=\"Contact form\" novalidate=\"novalidate\" data-status=\"init\">\n<fieldset class=\"hidden-fields-container\"><input type=\"hidden\" name=\"_wpcf7\" value=\"17323\" \/><input type=\"hidden\" name=\"_wpcf7_version\" value=\"6.1.5\" \/><input type=\"hidden\" name=\"_wpcf7_locale\" value=\"en_US\" \/><input type=\"hidden\" name=\"_wpcf7_unit_tag\" value=\"wpcf7-f17323-o1\" \/><input type=\"hidden\" name=\"_wpcf7_container_post\" value=\"0\" \/><input type=\"hidden\" name=\"_wpcf7_posted_data_hash\" value=\"\" \/>\n<\/fieldset>\n<p><label> Por favor ind\u00edcanos tu PETICI\u00d3N, QUEJA, RECLAMO o SUGERENCIA (requerido)<br \/>\n<span class=\"wpcf7-form-control-wrap\" data-name=\"Tema\"><textarea cols=\"40\" rows=\"10\" maxlength=\"2000\" class=\"wpcf7-form-control wpcf7-textarea wpcf7-validates-as-required\" aria-required=\"true\" aria-invalid=\"false\" placeholder=\"\" name=\"Tema\"><\/textarea><\/span><\/label>\n<\/p>\n<p><label> Tu Nombre (requerido)<br \/>\n<span class=\"wpcf7-form-control-wrap\" data-name=\"Nombre\"><input size=\"40\" maxlength=\"400\" class=\"wpcf7-form-control wpcf7-text wpcf7-validates-as-required\" aria-required=\"true\" aria-invalid=\"false\" placeholder=\"\" value=\"\" type=\"text\" name=\"Nombre\" \/><\/span><\/label>\n<\/p>\n<p><label> Tu Mail (requerido)<br \/>\n<span class=\"wpcf7-form-control-wrap\" data-name=\"Mail\"><input size=\"40\" maxlength=\"400\" class=\"wpcf7-form-control wpcf7-text wpcf7-validates-as-required\" aria-required=\"true\" aria-invalid=\"false\" placeholder=\"\" value=\"\" type=\"text\" name=\"Mail\" \/><\/span><\/label>\n<\/p>\n<p><label> Tu Celular (requeridol)<br \/>\n<span class=\"wpcf7-form-control-wrap\" data-name=\"Celular\"><input size=\"40\" maxlength=\"400\" class=\"wpcf7-form-control wpcf7-tel wpcf7-text wpcf7-validates-as-tel\" aria-invalid=\"false\" placeholder=\"\" value=\"\" type=\"tel\" name=\"Celular\" \/><\/span><\/label>\n<\/p>\n<p><label> Escoge un restaurante relacionado con tu PQRS (requerido)<\/label><br \/>\n<span class=\"wpcf7-form-control-wrap\" data-name=\"Restaurantes\"><span class=\"wpcf7-form-control wpcf7-checkbox wpcf7-validates-as-required wpcf7-exclusive-checkbox\"><span class=\"wpcf7-list-item first\"><input type=\"checkbox\" name=\"Restaurantes\" value=\"Usaqu\u00e9n\" \/><span class=\"wpcf7-list-item-label\">Usaqu\u00e9n<\/span><\/span><span class=\"wpcf7-list-item\"><input type=\"checkbox\" name=\"Restaurantes\" value=\"Calle 85\" \/><span class=\"wpcf7-list-item-label\">Calle 85<\/span><\/span><span class=\"wpcf7-list-item\"><input type=\"checkbox\" name=\"Restaurantes\" value=\"Plaza Central\" \/><span class=\"wpcf7-list-item-label\">Plaza Central<\/span><\/span><span class=\"wpcf7-list-item\"><input type=\"checkbox\" name=\"Restaurantes\" value=\"Capital Towers\" \/><span class=\"wpcf7-list-item-label\">Capital Towers<\/span><\/span><span class=\"wpcf7-list-item\"><input type=\"checkbox\" name=\"Restaurantes\" value=\"Gran Estaci\u00f3n\" \/><span class=\"wpcf7-list-item-label\">Gran Estaci\u00f3n<\/span><\/span><span class=\"wpcf7-list-item\"><input type=\"checkbox\" name=\"Restaurantes\" value=\"Avenida 19\" \/><span class=\"wpcf7-list-item-label\">Avenida 19<\/span><\/span><span class=\"wpcf7-list-item\"><input type=\"checkbox\" name=\"Restaurantes\" value=\"Parque de la 93\" \/><span class=\"wpcf7-list-item-label\">Parque de la 93<\/span><\/span><span class=\"wpcf7-list-item\"><input type=\"checkbox\" name=\"Restaurantes\" value=\"Zona G\" \/><span class=\"wpcf7-list-item-label\">Zona G<\/span><\/span><span class=\"wpcf7-list-item\"><input type=\"checkbox\" name=\"Restaurantes\" value=\"Parque la Colina\" \/><span class=\"wpcf7-list-item-label\">Parque la Colina<\/span><\/span><span class=\"wpcf7-list-item\"><input type=\"checkbox\" name=\"Restaurantes\" value=\"Multiplaza Bogot\u00e1\" \/><span class=\"wpcf7-list-item-label\">Multiplaza Bogot\u00e1<\/span><\/span><span class=\"wpcf7-list-item\"><input type=\"checkbox\" name=\"Restaurantes\" value=\"Nuestro Bogot\u00e1\" \/><span class=\"wpcf7-list-item-label\">Nuestro Bogot\u00e1<\/span><\/span><span class=\"wpcf7-list-item\"><input type=\"checkbox\" name=\"Restaurantes\" value=\"Cartagena\" \/><span class=\"wpcf7-list-item-label\">Cartagena<\/span><\/span><span class=\"wpcf7-list-item\"><input type=\"checkbox\" name=\"Restaurantes\" value=\"Ch\u00eda - San Roque\" \/><span class=\"wpcf7-list-item-label\">Ch\u00eda - San Roque<\/span><\/span><span class=\"wpcf7-list-item\"><input type=\"checkbox\" name=\"Restaurantes\" value=\"Barranquilla, Centro Comercial Buena Vista\" \/><span class=\"wpcf7-list-item-label\">Barranquilla, Centro Comercial Buena Vista<\/span><\/span><span class=\"wpcf7-list-item\"><input type=\"checkbox\" name=\"Restaurantes\" value=\"Barranquilla, Centro Comercial Viva\" \/><span class=\"wpcf7-list-item-label\">Barranquilla, Centro Comercial Viva<\/span><\/span><span class=\"wpcf7-list-item last\"><input type=\"checkbox\" name=\"Restaurantes\" value=\"Barranquilla, Komodo\" \/><span class=\"wpcf7-list-item-label\">Barranquilla, Komodo<\/span><\/span><\/span><\/span>\n<\/p>\n<p><input class=\"wpcf7-form-control wpcf7-submit has-spinner\" type=\"submit\" value=\"Enviar\" \/>\n<\/p><p style=\"display: none !important;\" class=\"akismet-fields-container\" data-prefix=\"_wpcf7_ak_\"><label>&#916;<textarea name=\"_wpcf7_ak_hp_textarea\" cols=\"45\" rows=\"8\" maxlength=\"100\"><\/textarea><\/label><input type=\"hidden\" id=\"ak_js_1\" name=\"_wpcf7_ak_js\" value=\"14\"\/><script>document.getElementById( \"ak_js_1\" ).setAttribute( \"value\", ( new Date() ).getTime() );<\/script><\/p><div class=\"wpcf7-response-output\" aria-hidden=\"true\"><\/div>\n<\/form>\n<\/div>\n[\/vc_column][\/vc_row][vc_row][vc_column][vc_empty_space height=&#8221;40px&#8221;][\/vc_column][\/vc_row]<\/p>\n<\/div>","protected":false},"excerpt":{"rendered":"<p>[vc_row][vc_column][vc_column_text]Abrimos este canal para poder tener un contacto directo con nuestros clientes. Si tienes alguna PETICI\u00d3N, QUEJA, RECLAMO o SUGERENCIA, por favor diligencia el siguiente formulario. Agradecemos nos indiques exactamente qu\u00e9 ocurri\u00f3 y en cu\u00e1l restaurante te encontrabas en ese momento. &nbsp; Es un compromiso de\u00a0TERIYAKI\u00a0mejorar siempre nuestros productos y&#8230;<\/p>\n","protected":false},"author":1,"featured_media":0,"parent":0,"menu_order":0,"comment_status":"closed","ping_status":"closed","template":"","meta":{"footnotes":""},"class_list":["post-17321","page","type-page","status-publish","hentry"],"_links":{"self":[{"href":"https:\/\/teriyaki.com.co\/index.php\/wp-json\/wp\/v2\/pages\/17321","targetHints":{"allow":["GET"]}}],"collection":[{"href":"https:\/\/teriyaki.com.co\/index.php\/wp-json\/wp\/v2\/pages"}],"about":[{"href":"https:\/\/teriyaki.com.co\/index.php\/wp-json\/wp\/v2\/types\/page"}],"author":[{"embeddable":true,"href":"https:\/\/teriyaki.com.co\/index.php\/wp-json\/wp\/v2\/users\/1"}],"replies":[{"embeddable":true,"href":"https:\/\/teriyaki.com.co\/index.php\/wp-json\/wp\/v2\/comments?post=17321"}],"version-history":[{"count":3,"href":"https:\/\/teriyaki.com.co\/index.php\/wp-json\/wp\/v2\/pages\/17321\/revisions"}],"predecessor-version":[{"id":17328,"href":"https:\/\/teriyaki.com.co\/index.php\/wp-json\/wp\/v2\/pages\/17321\/revisions\/17328"}],"wp:attachment":[{"href":"https:\/\/teriyaki.com.co\/index.php\/wp-json\/wp\/v2\/media?parent=17321"}],"curies":[{"name":"wp","href":"https:\/\/api.w.org\/{rel}","templated":true}]}}